{"id":2387,"date":"2018-05-25T11:05:03","date_gmt":"2018-05-25T10:05:03","guid":{"rendered":"http:\/\/brodauer-eiche.de\/?page_id=2387"},"modified":"2026-02-24T10:45:13","modified_gmt":"2026-02-24T09:45:13","slug":"datenschutzerklaerung","status":"publish","type":"page","link":"https:\/\/brodauer-eiche.de\/?page_id=2387","title":{"rendered":"Datenschutz"},"content":{"rendered":"<p data-path-to-node=\"7\">Es folgt unsere Datenschutzerkl\u00e4rung.<\/p>\n<hr data-path-to-node=\"15\" \/>\n<h3 data-path-to-node=\"8\">1. Verantwortliche Stelle<\/h3>\n<p data-path-to-node=\"9\">Verantwortliche Stelle im Sinne der Datenschutzgesetze, insbesondere der EU-Datenschutzgrundverordnung (DSGVO), ist:<\/p>\n<p data-path-to-node=\"10\"><b data-path-to-node=\"10\" data-index-in-node=\"0\">Zeltgemeinschaft \u201eBrodauer Eiche e.V.\u201c<\/b><br \/>\nAnschrift:<br \/>\nc\/o Ole-W. Sturm<br \/>\nOle Wisch 11<br \/>\n22177 Hamburg<\/p>\n<p data-path-to-node=\"11\">Eingetragen im Vereinsregister: Amtsgericht Hamburg, Reg.-Nr. 6484<\/p>\n<p data-path-to-node=\"12\"><b data-path-to-node=\"12\" data-index-in-node=\"0\">Gesetzlich vertreten durch den Vorstand:<\/b><\/p>\n<ol start=\"1\" data-path-to-node=\"13\">\n<li>\n<p data-path-to-node=\"13,0,0\">Vorsitzender: Ole-W. Sturm<\/p>\n<\/li>\n<li>\n<p data-path-to-node=\"13,1,0\">Vorsitzender: Torsten Wiehe<\/p>\n<\/li>\n<li>\n<p data-path-to-node=\"13,2,0\">Kassiererin: Steffi Walther<\/p>\n<\/li>\n<\/ol>\n<p data-path-to-node=\"14\">E-Mail: vorstand@brodauer-eiche.de<\/p>\n<hr data-path-to-node=\"15\" \/>\n<h3 data-path-to-node=\"16\">2. Erfassung allgemeiner Informationen beim Besuch unserer Website (Server-Logfiles)<\/h3>\n<p data-path-to-node=\"17\">Wenn Sie auf unsere Website zugreifen, werden automatisch mittels eines Cookies Informationen allgemeiner Natur erfasst. Diese Informationen (Server-Logfiles) werden von unserem Hoster (Variomedia) verarbeitet und beinhalten folgende Inhalte:<\/p>\n<ul data-path-to-node=\"18\">\n<li>\n<p data-path-to-node=\"18,0,0\">Informationen \u00fcber den Browsertyp und die verwendete Version<\/p>\n<\/li>\n<li>\n<p data-path-to-node=\"18,1,0\">Das Betriebssystem des Nutzers<\/p>\n<\/li>\n<li>\n<p data-path-to-node=\"18,2,0\">Den Internet-Service-Provider des Nutzers<\/p>\n<\/li>\n<li>\n<p data-path-to-node=\"18,3,0\">Die IP-Adresse des Nutzers<\/p>\n<\/li>\n<li>\n<p data-path-to-node=\"18,4,0\">Datum und Uhrzeit des Zugriffs<\/p>\n<\/li>\n<li>\n<p data-path-to-node=\"18,5,0\">Websites, von denen das System des Nutzers auf unsere Internetseite gelangt (Referrer URL)<\/p>\n<\/li>\n<\/ul>\n<p data-path-to-node=\"19\">Die IP-Adresse wird in den Ihnen zur Verf\u00fcgung gestellten Logdateien sofort pseudonymisiert, d.h. die letzte Stelle der IP wird durch eine 0 ersetzt. Wir selbst verf\u00fcgen \u00fcber die vollst\u00e4ndigen IP-Adressen aller Zugriffe der letzten 7 Tage und k\u00f6nnen darauf im Falle eines Missbrauchs oder anderer berechtigter Gr\u00fcnde zugreifen.<\/p>\n<p data-path-to-node=\"20\">Hierbei handelt es sich ausschlie\u00dflich um Informationen, welche keine R\u00fcckschl\u00fcsse auf Ihre Person zulassen. Diese Informationen sind technisch notwendig, um von Ihnen angeforderte Inhalte von Webseiten korrekt auszuliefern und fallen bei Nutzung des Internets zwingend an.<\/p>\n<hr data-path-to-node=\"21\" \/>\n<h3 data-path-to-node=\"22\">3. Cookies &amp; Mitglieder-Login<\/h3>\n<p data-path-to-node=\"23\">Unsere Website verwendet teilweise Cookies. Das sind kleine Textdateien, die Ihr Browser speichert.<\/p>\n<p data-path-to-node=\"24\">Wenn Sie sich in unseren internen Mitgliederbereich anmelden, richten wir Cookies ein, um Ihre Anmeldeinformationen und Anzeigeoptionen zu speichern. Anmelde-Cookies verfallen nach zwei Tagen, Cookies f\u00fcr die Anzeigeoptionen nach einem Jahr. Falls Sie bei der Anmeldung \u201eAngemeldet bleiben\u201c ausw\u00e4hlen, wird Ihre Anmeldung zwei Wochen lang aufrechterhalten. Mit der Abmeldung aus Ihrem Konto werden die Anmelde-Cookies gel\u00f6scht.<\/p>\n<hr data-path-to-node=\"25\" \/>\n<h3 data-path-to-node=\"26\">4. Kommentare und Spam-Schutz (Akismet)<\/h3>\n<p data-path-to-node=\"27\">Wir sammeln Informationen \u00fcber Besucher, die Kommentare auf Websites hinterlassen, die unseren Anti-Spam-Service Akismet verwenden. Welche Informationen wir sammeln, h\u00e4ngt davon ab, welche Akismet-Einstellungen der Benutzer f\u00fcr die Website festgelegt hat. In der Regel handelt es sich jedoch um die IP-Adresse des Kommentarverfassers, den User Agent, den Referrer und die URL der Website (erg\u00e4nzt durch Informationen, die direkt vom Verfasser des Kommentars bereitgestellt werden, also z. B. Name, Benutzername, E-Mail-Adresse und der Kommentar selbst).<\/p>\n<hr data-path-to-node=\"28\" \/>\n<h3 data-path-to-node=\"29\">5. Externe Dienste (Google Kalender)<\/h3>\n<p data-path-to-node=\"30\">Wir nutzen auf dieser Website den Google Kalender zur Anzeige von Vereins-Terminen und Arbeitsdiensten. Anbieter ist die Google Ireland Limited, Gordon House, Barrow Street, Dublin 4, Irland.<\/p>\n<p data-path-to-node=\"31\">Wenn Sie die Seite mit dem Kalender aufrufen, wird eine Verbindung zu den Servern von Google hergestellt. Dabei wird Ihre IP-Adresse an Google \u00fcbertragen, damit der Kalender in Ihrem Browser dargestellt werden kann. Wenn Sie gleichzeitig in Ihrem Google-Account eingeloggt sind, kann Google den Besuch Ihrem Benutzerkonto zuordnen.<\/p>\n<hr data-path-to-node=\"32\" \/>\n<h3 data-path-to-node=\"33\">6. Ihre Betroffenenrechte<\/h3>\n<p data-path-to-node=\"34\">Sie k\u00f6nnen jederzeit folgende Rechte aus\u00fcben:<\/p>\n<ul data-path-to-node=\"35\">\n<li>\n<p data-path-to-node=\"35,0,0\">Auskunft \u00fcber Ihre bei uns gespeicherten Daten und deren Verarbeitung,<\/p>\n<\/li>\n<li>\n<p data-path-to-node=\"35,1,0\">Berichtigung unrichtiger personenbezogener Daten,<\/p>\n<\/li>\n<li>\n<p data-path-to-node=\"35,2,0\">L\u00f6schung Ihrer bei uns gespeicherten Daten,<\/p>\n<\/li>\n<li>\n<p data-path-to-node=\"35,3,0\">Einschr\u00e4nkung der Datenverarbeitung, sofern wir Ihre Daten aufgrund gesetzlicher Pflichten noch nicht l\u00f6schen d\u00fcrfen,<\/p>\n<\/li>\n<li>\n<p data-path-to-node=\"35,4,0\">Widerspruch gegen die Verarbeitung Ihrer Daten bei uns und<\/p>\n<\/li>\n<li>\n<p data-path-to-node=\"35,5,0\">Daten\u00fcbertragbarkeit, sofern Sie in die Datenverarbeitung eingewilligt haben oder einen Vertrag mit uns abgeschlossen haben.<\/p>\n<\/li>\n<\/ul>\n<p data-path-to-node=\"36\">Sofern Sie uns eine Einwi<span class=\"citation-65 citation-end-65\">lligung erteilt haben, k\u00f6nnen Sie diese jederzeit mit Wirkung f\u00fcr die Zukunft widerrufen.<\/span><\/p>\n<div class=\"source-inline-chip-container ng-star-inserted\"><\/div>\n<p data-path-to-node=\"37\"><span class=\"citation-64 citation-end-64\">Sie k\u00f6nnen sich jederzeit mit einer Beschwerde an die f\u00fcr Sie zust\u00e4ndige Aufsichtsbeh\u00f6rde wenden. Ihre zust\u00e4ndige Aufsichtsbeh\u00f6rde richtet sic<\/span>h nach dem Bundesland Ihres Wohnsitzes, Ihrer Arbeit oder der mutma\u00dflichen Verletzung.<\/p>\n<div class=\"source-inline-chip-container ng-star-inserted\"><\/div>\n<hr data-path-to-node=\"38\" \/>\n<h3 data-path-to-node=\"39\">7. L\u00f6schung bzw. Sperrung der Daten<\/h3>\n<p data-path-to-node=\"40\">Wir halten uns an die Grunds\u00e4tze der Datenvermeidung und Datensparsamkeit. Wir speichern Ihre personenbezogenen Daten daher nur so lange, wie dies zur Erreichung der hier genannten Zwecke erforderlich ist oder wie es die vom Gesetzgeber vorgesehenen vielf\u00e4ltigen Speicherfristen vorsehen. Nach Fortfall des jeweiligen Zweckes bzw. Ablauf dieser Fristen werden die entsprechenden Daten routinem\u00e4\u00dfig und entsprechend den gesetzlichen Vorschriften gesperrt oder gel\u00f6scht.<\/p>\n<hr data-path-to-node=\"41\" \/>\n<h3 data-path-to-node=\"42\">8. Fragen an den Datenschutzverantwortlichen<\/h3>\n<p data-path-to-node=\"43\">Wenn Sie Fragen zum Datenschutz haben, schreiben Sie uns bitte eine E-Mail an: <b data-path-to-node=\"43\" data-index-in-node=\"79\">vorstand@brodauer-eiche.de<\/b><\/p>\n","protected":false},"excerpt":{"rendered":"<p>Es folgt unsere Datenschutzerkl\u00e4rung. 1. Verantwortliche Stelle Verantwortliche Stelle im Sinne der Datenschutzgesetze, insbesondere der EU-Datenschutzgrundverordnung (DSGVO), ist: Zeltgemeinschaft \u201eBrodauer Eiche e.V.\u201c Anschrift: c\/o Ole-W. Sturm Ole Wisch 11 22177 Hamburg Eingetragen im Vereinsregister: Amtsgericht Hamburg, Reg.-Nr. 6484 Gesetzlich vertreten durch den Vorstand: Vorsitzender: Ole-W. Sturm Vorsitzender: Torsten Wiehe Kassiererin: Steffi Walther E-Mail: vorstand@brodauer-eiche.de 2. Erfassung allgemeiner Informationen beim Besuch unserer Website (Server-Logfiles) Wenn Sie auf unsere Website zugreifen, werden automatisch mittels eines Cookies Informationen allgemeiner Natur erfasst. Diese Informationen&#8230;<\/p>\n<p class=\"read-more\"><a class=\"btn btn-default\" href=\"https:\/\/brodauer-eiche.de\/?page_id=2387\">Weiterlesen<span class=\"screen-reader-text\"> Weiterlesen<\/span><\/a><\/p>\n","protected":false},"author":2,"featured_media":0,"parent":0,"menu_order":8,"comment_status":"closed","ping_status":"closed","template":"","meta":{"_kadence_starter_templates_imported_post":false,"footnotes":""},"class_list":["post-2387","page","type-page","status-publish","hentry"],"_links":{"self":[{"href":"https:\/\/brodauer-eiche.de\/index.php?rest_route=\/wp\/v2\/pages\/2387","targetHints":{"allow":["GET"]}}],"collection":[{"href":"https:\/\/brodauer-eiche.de\/index.php?rest_route=\/wp\/v2\/pages"}],"about":[{"href":"https:\/\/brodauer-eiche.de\/index.php?rest_route=\/wp\/v2\/types\/page"}],"author":[{"embeddable":true,"href":"https:\/\/brodauer-eiche.de\/index.php?rest_route=\/wp\/v2\/users\/2"}],"replies":[{"embeddable":true,"href":"https:\/\/brodauer-eiche.de\/index.php?rest_route=%2Fwp%2Fv2%2Fcomments&post=2387"}],"version-history":[{"count":11,"href":"https:\/\/brodauer-eiche.de\/index.php?rest_route=\/wp\/v2\/pages\/2387\/revisions"}],"predecessor-version":[{"id":3913,"href":"https:\/\/brodauer-eiche.de\/index.php?rest_route=\/wp\/v2\/pages\/2387\/revisions\/3913"}],"wp:attachment":[{"href":"https:\/\/brodauer-eiche.de\/index.php?rest_route=%2Fwp%2Fv2%2Fmedia&parent=2387"}],"curies":[{"name":"wp","href":"https:\/\/api.w.org\/{rel}","templated":true}]}}